{"id":54,"date":"2016-08-25T10:25:55","date_gmt":"2016-08-25T10:25:55","guid":{"rendered":"http:\/\/www.swamedida.com\/coto\/?page_id=54"},"modified":"2024-04-05T09:00:48","modified_gmt":"2024-04-05T07:00:48","slug":"menus","status":"publish","type":"page","link":"https:\/\/elcotodelcasar.com\/en\/menus\/","title":{"rendered":"Menus"},"content":{"rendered":"<div id=\"tabs\">\n\n<ul>\n\n<li><a href=\"#tabs-1\">Letter<\/a><\/li>\n<li><a href=\"#tabs-2\">Wine letter<\/a><\/li>\n<li><a href=\"#tabs-3\">Men\u00fa de degustaci\u00f3n<\/a><\/li>\n<li><a href=\"#tabs-4\">Men\u00fa del d\u00eda<\/a><\/li>\n<li><a href=\"#tabs-5\">Group menu<\/a><\/li>\n<li><a href=\"#tabs-6\">MENU TERRAZA<\/a><\/li>\n<\/ul>\n\n\n<div id=\"tabs-1\">\n\n\t\n    <h3><a href=\"https:\/\/elcotodelcasar.com\/en\/menu-item\/carne\/\" rel=\"bookmark\" title=\"Learn more about: Meat\">Meat<\/a><\/h3>\n\t\t\n\t<div class=\"menu-entry-excerpt\"><p>Meat All our beef is naturally produced D.O. Avile\u00f1a Char-grilled red beef (served blue with a hot plate) \u2026 \u20ac23 Grilled Entrecote \u2026 \u20ac18 Grilled beef sirloin \u2026 \u20ac21 Beef sirloin with foie in Pedro Xim\u00e9nez sauce \u2026 \u20ac27 Stewed Partridge \u2026 \u20ac16 VAT INCLUDED<\/p>\n<\/div>\n\t<div class=\"entry-tags\">\n\t \n\t<\/div>\n\t<div class=\"menu-entry-meta\"><span class=\"price-text\">Price:<\/span>\n\t\t<\/div>\n  \t\n    <h3><a href=\"https:\/\/elcotodelcasar.com\/en\/menu-item\/pescados\/\" rel=\"bookmark\" title=\"Learn more about: Fish\">Fish<\/a><\/h3>\n\t\t\n\t<div class=\"menu-entry-excerpt\"><p>Fish Grilled red tuna with tomato confiture \u2026 \u20ac22 Monkfish with clams \u2026\u20ac23 Hake steak:\u201dRomana\u201d (fried in light batter) or Grilled \u2026 \u20ac21 Baked Cod fillet \u2026 \u20ac19 VAT INCLUDED<\/p>\n<\/div>\n\t<div class=\"entry-tags\">\n\t \n\t<\/div>\n\t<div class=\"menu-entry-meta\"><span class=\"price-text\">Price:<\/span>\n\t\t<\/div>\n  \t\n    <h3><a href=\"https:\/\/elcotodelcasar.com\/en\/menu-item\/arroces\/\" rel=\"bookmark\" title=\"Learn more about: Rices\">Rices<\/a><\/h3>\n\t\t\n\t<div class=\"menu-entry-excerpt\"><p>RICES(minumun two people) Paella with scarlet prawns \u2026 \u20ac19 Creamy rice with partridge and ceps \u2026 \u20ac15 Creamy rice with oxtail (clay pot) \u2026 \u20ac15 Creamy rice with scarlet prawns and clams &#8230;\u20ac19 Creamy rice with Lobster flakes (clay pot) \u2026 \u20ac19 VAT INCLUDED<\/p>\n<\/div>\n\t<div class=\"entry-tags\">\n\t \n\t<\/div>\n\t<div class=\"menu-entry-meta\"><span class=\"price-text\">Price:<\/span>\n\t\t<\/div>\n  \t\n    <h3><a href=\"https:\/\/elcotodelcasar.com\/en\/menu-item\/para-compatir\/\" rel=\"bookmark\" title=\"Learn more about: Dishes to shareFor share\">Dishes to shareFor share<\/a><\/h3>\n\t\t\n\t<div class=\"menu-entry-excerpt\"><p>Dishes to share\u00a0 \u00a0 \u00a0 \u00a0 \u00a0 \u00a0 \u00a0 \u00a0 \u00a0 \u00a0 \u00a0 \u00a0 \u00a0 \u00a0 \u00a0 \u00a0 \u00a0 \u00a0 \u00a0 \u00a0 \u00a0 \u00a0 \u00a0 \u00a0 \u00a0 \u00a0 \u00a0 \u00a0 \u00a0 \u00a0 \u00a0 \u00a0 \u00a0 \u00a0 \u00a0Raci\u00f3n\u00a0\u00a0\u00a0\u00a0 1\/2 Raci\u00f3n Premium \u201cJam\u00f3n Ib\u00e9rico\u201d D.O. Guijuelo &#8230;&#8230;&#8230;&#8230;&#8230;.\u00a0 21 \u20ac\u00a0 \u00a0 \u00a0 \u00a0 \u00a0 \u00a0 13 \u20ac Cured <a class=\"learn-more\" href=\"https:\/\/elcotodelcasar.com\/en\/menu-item\/para-compatir\/\"> Learn More&#8230;<\/a><\/p>\n<\/div>\n\t<div class=\"entry-tags\">\n\t \n\t<\/div>\n\t<div class=\"menu-entry-meta\"><span class=\"price-text\">Price:<\/span>\n\t\t<\/div>\n  \t<\/div>\n  \n\n  \n\n<div id=\"tabs-2\">\n\n\t\n    <h3><a href=\"https:\/\/elcotodelcasar.com\/en\/menu-item\/english-carta-de-vinos\/\" rel=\"bookmark\" title=\"Learn more about: Wine letter\">Wine letter<\/a><\/h3>\n\t\t\n\t<div class=\"menu-entry-excerpt\"><p>Vinos Tintos D.O.C. Rioja Mart\u00ednez Lacuesta 2018 (Rioja de la casa) 14\u20ac Ram\u00f3n Bilbao Edici\u00f3n Limitada, Crianza 2016 23\u20ac Ventilla 71 \u201cVino de autor 2015\u201d 21\u20ac Bar\u00f3n de Ley, Reserva 2014 20\u20ac D.O. Ribera del Duero Pe\u00f1alosa Roble 2018 16\u20ac La Planta 2017 17\u20ac El Empecinado (Vega Real) 2016 18\u20ac Pago de Capellanes 2018\u00a0 23\u20ac <a class=\"learn-more\" href=\"https:\/\/elcotodelcasar.com\/en\/menu-item\/english-carta-de-vinos\/\"> Learn More&#8230;<\/a><\/p>\n<\/div>\n\t<div class=\"entry-tags\">\n\t \n\t<\/div>\n\t<div class=\"menu-entry-meta\"><span class=\"price-text\">Price:<\/span>\n\t\t<\/div>\n  \t<\/div>\n  \n\n  \n\n<div id=\"tabs-3\">\n\n\t\n    <h3><a href=\"https:\/\/elcotodelcasar.com\/en\/menu-item\/menu-de-degustacion\/\" rel=\"bookmark\" title=\"Learn more about: WEEKEND FOOD MENU\">WEEKEND FOOD MENU<\/a><\/h3>\n\t\t\n\t<div class=\"menu-entry-excerpt\"><p>WEEKEND FOOD MENU Melon soup ***** Mango and King prawns in salad ***** Fresh duck foie with PX wine sauce ***** Filet of Butterfish in tempura ***** Grilled red beef (served blue with a hot plate) (D.O. Avile\u00f1a) ***** Profiteroles with hot chocolate ***** Coffee or tea 30 \u20ac VAT INCLUDED minimum two menus Drink <a class=\"learn-more\" href=\"https:\/\/elcotodelcasar.com\/en\/menu-item\/menu-de-degustacion\/\"> Learn More&#8230;<\/a><\/p>\n<\/div>\n\t<div class=\"entry-tags\">\n\t \n\t<\/div>\n\t<div class=\"menu-entry-meta\"><span class=\"price-text\">Price:<\/span>\n\t30 \u20ac\t<\/div>\n  \t<\/div>\n  \n\n  \n\n<div id=\"tabs-4\">\n\n\t\n    <h3><a href=\"https:\/\/elcotodelcasar.com\/en\/menu-item\/menu-del-dia\/\" rel=\"bookmark\" title=\"Learn more about: Men\u00fa del d\u00eda\">Men\u00fa del d\u00eda<\/a><\/h3>\n\t\t\n\t<div class=\"menu-entry-excerpt\"><p>13 DE MARZO DE 2020 POTAJE DE VIGILIA O REVUELTO DE MORCILLA O ENSALADA CAMPERA &#8212;- ALB\u00d3NDIGAS DE SEPIA CON SALSA DE GAMBAS O MINI-BURGUER TRES SALSAS O LOMO DE &#8220;SKREI&#8221; AL HORNO &#8212;- POSTRE, PAN, VINO Y CAF\u00c9 15 \u20ac IVA INCLUIDO 1\/2 Men\u00fa 10.50 \u20ac<\/p>\n<\/div>\n\t<div class=\"entry-tags\">\n\t \n\t<\/div>\n\t<div class=\"menu-entry-meta\"><span class=\"price-text\">Price:<\/span>\n\t15\t<\/div>\n  \t<\/div>\n  \n\n  \n\n<div id=\"tabs-5\">\n\n\t\n    <h3><a href=\"https:\/\/elcotodelcasar.com\/en\/menu-item\/menu-4-grupo\/\" rel=\"bookmark\" title=\"Learn more about: Group menu 4\">Group menu 4<\/a><\/h3>\n\t\t\n\t<div class=\"menu-entry-excerpt\"><p>MEN\u00da 4 (al centro) Pat\u00e9 de \u201cEl Coto\u201d Croquetas variadas de la casa ***** Escalopines de Solomillo Ib\u00e9rico con setas O At\u00fan rojo al Wok con verduritas ***** Tarta de chocolate ***** COM\u00daN PARA TODOS LOS MEN\u00daS Mart\u00ednez Lacuesta tinto de Rioja Somontano Blanco Caf\u00e9 Precio\u00a0 36\u20ac 10% IVA INCLUIDO SOLO SE ADMITE UN MEN\u00da <a class=\"learn-more\" href=\"https:\/\/elcotodelcasar.com\/en\/menu-item\/menu-4-grupo\/\"> Learn More&#8230;<\/a><\/p>\n<\/div>\n\t<div class=\"entry-tags\">\n\t \n\t<\/div>\n\t<div class=\"menu-entry-meta\"><span class=\"price-text\">Price:<\/span>\n\t36\u20ac\t<\/div>\n  \t\n    <h3><a href=\"https:\/\/elcotodelcasar.com\/en\/menu-item\/menu-3-grupo\/\" rel=\"bookmark\" title=\"Learn more about: Group menu 3\">Group menu 3<\/a><\/h3>\n\t\t\n\t<div class=\"menu-entry-excerpt\"><p>MEN\u00da 3 (al centro) Jam\u00f3n Ib\u00e9rico y Queso al Romero Carpacho de tomate con queso de cabra Croquetas variadas de la casa ***** Arroz con Bogavante del se\u00f1orito O Entrecot a la Parrilla ***** Tarta de chocolate ***** COM\u00daN PARA TODOS LOS MEN\u00daS Mart\u00ednez Lacuesta tinto de Rioja Somontano Blanco Caf\u00e9 Precio\u00a0 43\u20ac 10% IVA <a class=\"learn-more\" href=\"https:\/\/elcotodelcasar.com\/en\/menu-item\/menu-3-grupo\/\"> Learn More&#8230;<\/a><\/p>\n<\/div>\n\t<div class=\"entry-tags\">\n\t \n\t<\/div>\n\t<div class=\"menu-entry-meta\"><span class=\"price-text\">Price:<\/span>\n\t43\u20ac\t<\/div>\n  \t\n    <h3><a href=\"https:\/\/elcotodelcasar.com\/en\/menu-item\/menu-2-grupo\/\" rel=\"bookmark\" title=\"Learn more about: Group menu 2\">Group menu 2<\/a><\/h3>\n\t\t\n\t<div class=\"menu-entry-excerpt\"><p>MEN\u00da 2 (al centro) Ensalada de quinoa y aguacate Migas del pastor con huevo Piquillo relleno de bacalao en su pil-pil ***** Chuletas de lechal a la parrilla O Lubina a la espalda ***** Tarta de chocolate ***** COM\u00daN PARA TODOS LOS MEN\u00daS Mart\u00ednez Lacuesta tinto de Rioja Somontano Blanco Caf\u00e9 Precio\u00a0 42\u20ac 10% IVA <a class=\"learn-more\" href=\"https:\/\/elcotodelcasar.com\/en\/menu-item\/menu-2-grupo\/\"> Learn More&#8230;<\/a><\/p>\n<\/div>\n\t<div class=\"entry-tags\">\n\t \n\t<\/div>\n\t<div class=\"menu-entry-meta\"><span class=\"price-text\">Price:<\/span>\n\t42\u20ac\t<\/div>\n  \t\n    <h3><a href=\"https:\/\/elcotodelcasar.com\/en\/menu-item\/menu-1-grupo\/\" rel=\"bookmark\" title=\"Learn more about: Group menu 1\">Group menu 1<\/a><\/h3>\n\t\t\n\t<div class=\"menu-entry-excerpt\"><p>MEN\u00da 1 (al centro) Jam\u00f3n Ib\u00e9rico y Queso al Romero Croquetas variadas de la casa Gamba blanca de Huelva a la plancha ***** Entrecot a la Parrilla O Lomo de bacalao a la Riojana ***** Tarta de chocolate ***** COM\u00daN PARA TODOS LOS MEN\u00daS Mart\u00ednez Lacuesta tinto de Rioja Somontano Blanco Caf\u00e9 Precio\u00a0 40\u20ac 10% <a class=\"learn-more\" href=\"https:\/\/elcotodelcasar.com\/en\/menu-item\/menu-1-grupo\/\"> Learn More&#8230;<\/a><\/p>\n<\/div>\n\t<div class=\"entry-tags\">\n\t \n\t<\/div>\n\t<div class=\"menu-entry-meta\"><span class=\"price-text\">Price:<\/span>\n\t40\u20ac\t<\/div>\n  \t<\/div>\n  \n\n  \n\n<div id=\"tabs-6\">\n\n\t\n    <h3><a href=\"https:\/\/elcotodelcasar.com\/en\/menu-item\/carta-terraza\/\" rel=\"bookmark\" title=\"Learn more about: Carta terraza\">Carta terraza<\/a><\/h3>\n\t\t\n\t<div class=\"menu-entry-excerpt\"><p>Boquerones en vinagre &#8230;&#8230;&#8230;&#8230;&#8230;&#8230;&#8230;&#8230;&#8230;&#8230;&#8230; . 10 \u20ac\u00a0\u00a0\u00a0\u00a0 5,5 \u20ac Tosta de jam\u00f3n ib\u00e9rico con tomate &#8230;&#8230;&#8230;&#8230;&#8230;\u00a0 5,5 \u20ac Tosta de pimientos asados con at\u00fan &#8230;&#8230;&#8230;&#8230;.\u00a0 4,5 \u20ac Tosta de Gulas con ali-oli &#8230;&#8230;&#8230;&#8230;&#8230;&#8230;&#8230;&#8230;&#8230;&#8230;\u00a0 4,5 \u20ac Queso manchego al romero &#8230;&#8230;&#8230;&#8230;&#8230;&#8230;&#8230;&#8230;&#8230;\u00a0 12 \u20ac\u00a0\u00a0\u00a0\u00a0\u00a0\u00a0 7 \u20ac Jam\u00f3n ib\u00e9rico de Guijuelo &#8230;&#8230;&#8230;&#8230;&#8230;&#8230;&#8230;&#8230;&#8230;.\u00a0 21 \u20ac\u00a0\u00a0\u00a0\u00a0\u00a0 13 \u20ac Salmorejo &#8230;&#8230;&#8230;&#8230;&#8230;&#8230;&#8230;&#8230;&#8230;&#8230;&#8230;&#8230;&#8230;&#8230;&#8230;&#8230;&#8230;&#8230;. <a class=\"learn-more\" href=\"https:\/\/elcotodelcasar.com\/en\/menu-item\/carta-terraza\/\"> Learn More&#8230;<\/a><\/p>\n<\/div>\n\t<div class=\"entry-tags\">\n\t \n\t<\/div>\n\t<div class=\"menu-entry-meta\"><span class=\"price-text\">Price:<\/span>\n\t\t<\/div>\n  \t<\/div>\n  \n\n  \n\t<\/div>\n\n","protected":false},"excerpt":{"rendered":"","protected":false},"author":1,"featured_media":0,"parent":0,"menu_order":0,"comment_status":"closed","ping_status":"closed","template":"","meta":{"ocean_post_layout":"","ocean_both_sidebars_style":"","ocean_both_sidebars_content_width":0,"ocean_both_sidebars_sidebars_width":0,"ocean_sidebar":"","ocean_second_sidebar":"","ocean_disable_margins":"enable","ocean_add_body_class":"","ocean_shortcode_before_top_bar":"","ocean_shortcode_after_top_bar":"","ocean_shortcode_before_header":"","ocean_shortcode_after_header":"","ocean_has_shortcode":"","ocean_shortcode_after_title":"","ocean_shortcode_before_footer_widgets":"","ocean_shortcode_after_footer_widgets":"","ocean_shortcode_before_footer_bottom":"","ocean_shortcode_after_footer_bottom":"","ocean_display_top_bar":"default","ocean_display_header":"default","ocean_header_style":"","ocean_center_header_left_menu":"","ocean_custom_header_template":"","ocean_custom_logo":0,"ocean_custom_retina_logo":0,"ocean_custom_logo_max_width":0,"ocean_custom_logo_tablet_max_width":0,"ocean_custom_logo_mobile_max_width":0,"ocean_custom_logo_max_height":0,"ocean_custom_logo_tablet_max_height":0,"ocean_custom_logo_mobile_max_height":0,"ocean_header_custom_menu":"","ocean_menu_typo_font_family":"","ocean_menu_typo_font_subset":"","ocean_menu_typo_font_size":0,"ocean_menu_typo_font_size_tablet":0,"ocean_menu_typo_font_size_mobile":0,"ocean_menu_typo_font_size_unit":"px","ocean_menu_typo_font_weight":"","ocean_menu_typo_font_weight_tablet":"","ocean_menu_typo_font_weight_mobile":"","ocean_menu_typo_transform":"","ocean_menu_typo_transform_tablet":"","ocean_menu_typo_transform_mobile":"","ocean_menu_typo_line_height":0,"ocean_menu_typo_line_height_tablet":0,"ocean_menu_typo_line_height_mobile":0,"ocean_menu_typo_line_height_unit":"","ocean_menu_typo_spacing":0,"ocean_menu_typo_spacing_tablet":0,"ocean_menu_typo_spacing_mobile":0,"ocean_menu_typo_spacing_unit":"","ocean_menu_link_color":"","ocean_menu_link_color_hover":"","ocean_menu_link_color_active":"","ocean_menu_link_background":"","ocean_menu_link_hover_background":"","ocean_menu_link_active_background":"","ocean_menu_social_links_bg":"","ocean_menu_social_hover_links_bg":"","ocean_menu_social_links_color":"","ocean_menu_social_hover_links_color":"","ocean_disable_title":"default","ocean_disable_heading":"default","ocean_post_title":"","ocean_post_subheading":"","ocean_post_title_style":"","ocean_post_title_background_color":"","ocean_post_title_background":0,"ocean_post_title_bg_image_position":"","ocean_post_title_bg_image_attachment":"","ocean_post_title_bg_image_repeat":"","ocean_post_title_bg_image_size":"","ocean_post_title_height":0,"ocean_post_title_bg_overlay":0.5,"ocean_post_title_bg_overlay_color":"","ocean_disable_breadcrumbs":"default","ocean_breadcrumbs_color":"","ocean_breadcrumbs_separator_color":"","ocean_breadcrumbs_links_color":"","ocean_breadcrumbs_links_hover_color":"","ocean_display_footer_widgets":"default","ocean_display_footer_bottom":"default","ocean_custom_footer_template":"","footnotes":""},"yoast_head":"<!-- This site is optimized with the Yoast SEO plugin v24.5 - https:\/\/yoast.com\/wordpress\/plugins\/seo\/ -->\n<title>Menus - El Coto del Casar<\/title>\n<meta name=\"robots\" content=\"index, follow, max-snippet:-1, max-image-preview:large, max-video-preview:-1\" \/>\n<link rel=\"canonical\" href=\"https:\/\/elcotodelcasar.com\/menus\/\" \/>\n<meta property=\"og:locale\" content=\"en_US\" \/>\n<meta property=\"og:type\" content=\"article\" \/>\n<meta property=\"og:title\" content=\"Menus - El Coto del Casar\" \/>\n<meta property=\"og:url\" content=\"https:\/\/elcotodelcasar.com\/menus\/\" \/>\n<meta property=\"og:site_name\" content=\"El Coto del Casar\" \/>\n<meta property=\"article:modified_time\" content=\"2024-04-05T07:00:48+00:00\" \/>\n<meta name=\"twitter:card\" content=\"summary_large_image\" \/>\n<script type=\"application\/ld+json\" class=\"yoast-schema-graph\">{\"@context\":\"https:\/\/schema.org\",\"@graph\":[{\"@type\":\"WebPage\",\"@id\":\"https:\/\/elcotodelcasar.com\/menus\/\",\"url\":\"https:\/\/elcotodelcasar.com\/menus\/\",\"name\":\"Menus - El Coto del Casar\",\"isPartOf\":{\"@id\":\"https:\/\/elcotodelcasar.com\/#website\"},\"datePublished\":\"2016-08-25T10:25:55+00:00\",\"dateModified\":\"2024-04-05T07:00:48+00:00\",\"breadcrumb\":{\"@id\":\"https:\/\/elcotodelcasar.com\/menus\/#breadcrumb\"},\"inLanguage\":\"en-US\",\"potentialAction\":[{\"@type\":\"ReadAction\",\"target\":[\"https:\/\/elcotodelcasar.com\/menus\/\"]}]},{\"@type\":\"BreadcrumbList\",\"@id\":\"https:\/\/elcotodelcasar.com\/menus\/#breadcrumb\",\"itemListElement\":[{\"@type\":\"ListItem\",\"position\":1,\"name\":\"Portada\",\"item\":\"https:\/\/elcotodelcasar.com\/\"},{\"@type\":\"ListItem\",\"position\":2,\"name\":\"Menus\"}]},{\"@type\":\"WebSite\",\"@id\":\"https:\/\/elcotodelcasar.com\/#website\",\"url\":\"https:\/\/elcotodelcasar.com\/\",\"name\":\"El Coto del Casar\",\"description\":\"Tlf: 914168502 \/ 914168526\",\"publisher\":{\"@id\":\"https:\/\/elcotodelcasar.com\/#organization\"},\"potentialAction\":[{\"@type\":\"SearchAction\",\"target\":{\"@type\":\"EntryPoint\",\"urlTemplate\":\"https:\/\/elcotodelcasar.com\/?s={search_term_string}\"},\"query-input\":{\"@type\":\"PropertyValueSpecification\",\"valueRequired\":true,\"valueName\":\"search_term_string\"}}],\"inLanguage\":\"en-US\"},{\"@type\":\"Organization\",\"@id\":\"https:\/\/elcotodelcasar.com\/#organization\",\"name\":\"El Coto del Casar\",\"url\":\"https:\/\/elcotodelcasar.com\/\",\"logo\":{\"@type\":\"ImageObject\",\"inLanguage\":\"en-US\",\"@id\":\"https:\/\/elcotodelcasar.com\/#\/schema\/logo\/image\/\",\"url\":\"https:\/\/elcotodelcasar.com\/wp-content\/uploads\/2020\/06\/cropped-Restaurant-logo-fidelio.png\",\"contentUrl\":\"https:\/\/elcotodelcasar.com\/wp-content\/uploads\/2020\/06\/cropped-Restaurant-logo-fidelio.png\",\"width\":1109,\"height\":202,\"caption\":\"El Coto del Casar\"},\"image\":{\"@id\":\"https:\/\/elcotodelcasar.com\/#\/schema\/logo\/image\/\"}}]}<\/script>\n<!-- \/ Yoast SEO plugin. -->","yoast_head_json":{"title":"Menus - El Coto del Casar","robots":{"index":"index","follow":"follow","max-snippet":"max-snippet:-1","max-image-preview":"max-image-preview:large","max-video-preview":"max-video-preview:-1"},"canonical":"https:\/\/elcotodelcasar.com\/menus\/","og_locale":"en_US","og_type":"article","og_title":"Menus - El Coto del Casar","og_url":"https:\/\/elcotodelcasar.com\/menus\/","og_site_name":"El Coto del Casar","article_modified_time":"2024-04-05T07:00:48+00:00","twitter_card":"summary_large_image","schema":{"@context":"https:\/\/schema.org","@graph":[{"@type":"WebPage","@id":"https:\/\/elcotodelcasar.com\/menus\/","url":"https:\/\/elcotodelcasar.com\/menus\/","name":"Menus - El Coto del Casar","isPartOf":{"@id":"https:\/\/elcotodelcasar.com\/#website"},"datePublished":"2016-08-25T10:25:55+00:00","dateModified":"2024-04-05T07:00:48+00:00","breadcrumb":{"@id":"https:\/\/elcotodelcasar.com\/menus\/#breadcrumb"},"inLanguage":"en-US","potentialAction":[{"@type":"ReadAction","target":["https:\/\/elcotodelcasar.com\/menus\/"]}]},{"@type":"BreadcrumbList","@id":"https:\/\/elcotodelcasar.com\/menus\/#breadcrumb","itemListElement":[{"@type":"ListItem","position":1,"name":"Portada","item":"https:\/\/elcotodelcasar.com\/"},{"@type":"ListItem","position":2,"name":"Menus"}]},{"@type":"WebSite","@id":"https:\/\/elcotodelcasar.com\/#website","url":"https:\/\/elcotodelcasar.com\/","name":"El Coto del Casar","description":"Tlf: 914168502 \/ 914168526","publisher":{"@id":"https:\/\/elcotodelcasar.com\/#organization"},"potentialAction":[{"@type":"SearchAction","target":{"@type":"EntryPoint","urlTemplate":"https:\/\/elcotodelcasar.com\/?s={search_term_string}"},"query-input":{"@type":"PropertyValueSpecification","valueRequired":true,"valueName":"search_term_string"}}],"inLanguage":"en-US"},{"@type":"Organization","@id":"https:\/\/elcotodelcasar.com\/#organization","name":"El Coto del Casar","url":"https:\/\/elcotodelcasar.com\/","logo":{"@type":"ImageObject","inLanguage":"en-US","@id":"https:\/\/elcotodelcasar.com\/#\/schema\/logo\/image\/","url":"https:\/\/elcotodelcasar.com\/wp-content\/uploads\/2020\/06\/cropped-Restaurant-logo-fidelio.png","contentUrl":"https:\/\/elcotodelcasar.com\/wp-content\/uploads\/2020\/06\/cropped-Restaurant-logo-fidelio.png","width":1109,"height":202,"caption":"El Coto del Casar"},"image":{"@id":"https:\/\/elcotodelcasar.com\/#\/schema\/logo\/image\/"}}]}},"_links":{"self":[{"href":"https:\/\/elcotodelcasar.com\/en\/wp-json\/wp\/v2\/pages\/54"}],"collection":[{"href":"https:\/\/elcotodelcasar.com\/en\/wp-json\/wp\/v2\/pages"}],"about":[{"href":"https:\/\/elcotodelcasar.com\/en\/wp-json\/wp\/v2\/types\/page"}],"author":[{"embeddable":true,"href":"https:\/\/elcotodelcasar.com\/en\/wp-json\/wp\/v2\/users\/1"}],"replies":[{"embeddable":true,"href":"https:\/\/elcotodelcasar.com\/en\/wp-json\/wp\/v2\/comments?post=54"}],"version-history":[{"count":3,"href":"https:\/\/elcotodelcasar.com\/en\/wp-json\/wp\/v2\/pages\/54\/revisions"}],"predecessor-version":[{"id":59,"href":"https:\/\/elcotodelcasar.com\/en\/wp-json\/wp\/v2\/pages\/54\/revisions\/59"}],"wp:attachment":[{"href":"https:\/\/elcotodelcasar.com\/en\/wp-json\/wp\/v2\/media?parent=54"}],"curies":[{"name":"wp","href":"https:\/\/api.w.org\/{rel}","templated":true}]}}